{"id":37,"date":"2022-10-17T08:58:51","date_gmt":"2022-10-17T08:58:51","guid":{"rendered":"https:\/\/lawofficeofjeffreyrpollock.actionlocalwebsites.com\/?page_id=37"},"modified":"2022-10-18T11:36:19","modified_gmt":"2022-10-18T11:36:19","slug":"dui","status":"publish","type":"page","link":"https:\/\/www.lawofficeofjeffreyrpollock.com\/es\/dui\/","title":{"rendered":"DUI"},"content":{"rendered":"<div data-elementor-type=\"wp-page\" data-elementor-id=\"37\" class=\"elementor elementor-37\" data-elementor-post-type=\"page\">\n\t\t\t\t\t\t<section class=\"elementor-section elementor-top-section elementor-element elementor-element-34a57ea elementor-section-height-min-height elementor-section-boxed elementor-section-height-default elementor-section-items-middle\" data-id=\"34a57ea\" data-element_type=\"section\" data-e-type=\"section\" data-settings=\"{&quot;background_background&quot;:&quot;classic&quot;}\">\n\t\t\t\t\t\t\t<div class=\"elementor-background-overlay\"><\/div>\n\t\t\t\t\t\t\t<div class=\"elementor-container elementor-column-gap-default\">\n\t\t\t\t\t<div class=\"elementor-column elementor-col-100 elementor-top-column elementor-element elementor-element-1c2fb7f\" data-id=\"1c2fb7f\" data-element_type=\"column\" data-e-type=\"column\">\n\t\t\t<div class=\"elementor-widget-wrap elementor-element-populated\">\n\t\t\t\t\t\t<div class=\"elementor-element elementor-element-adf0470 elementor-widget elementor-widget-text-editor\" data-id=\"adf0470\" data-element_type=\"widget\" data-e-type=\"widget\" data-widget_type=\"text-editor.default\">\n\t\t\t\t<div class=\"elementor-widget-container\">\n\t\t\t\t\t\t\t\t\t<div id=\"page28_title4\" class=\"title4_wp_outer\"><div id=\"page59_title1\" class=\"title1_wp_outer\"><div id=\"page67_title1\" class=\"title1_wp_outer\"><div id=\"page70_title1\" class=\"title1_wp_outer\"><h1 class=\"title\">DUI<\/h1><div class=\"clear_div\">\u00a0<\/div><\/div><div id=\"page70_title2\" class=\"title2_wp_outer\"><h4 class=\"title\">La ley de DUI es complicada. Un caso t\u00edpico de DUI puede requerir testigos expertos, evidencia cient\u00edfica e implicar leyes que cambian constantemente.<\/h4><\/div><\/div><\/div><\/div>\t\t\t\t\t\t\t\t<\/div>\n\t\t\t\t<\/div>\n\t\t\t\t\t<\/div>\n\t\t<\/div>\n\t\t\t\t\t<\/div>\n\t\t<\/section>\n\t\t\t\t<section class=\"elementor-section elementor-top-section elementor-element elementor-element-a91c3f2 elementor-section-boxed elementor-section-height-default elementor-section-height-default\" data-id=\"a91c3f2\" data-element_type=\"section\" data-e-type=\"section\">\n\t\t\t\t\t\t<div class=\"elementor-container elementor-column-gap-default\">\n\t\t\t\t\t<div class=\"elementor-column elementor-col-100 elementor-top-column elementor-element elementor-element-e5b5339 elementor-invisible\" data-id=\"e5b5339\" data-element_type=\"column\" data-e-type=\"column\" data-settings=\"{&quot;background_background&quot;:&quot;classic&quot;,&quot;animation&quot;:&quot;fadeInRight&quot;}\">\n\t\t\t<div class=\"elementor-widget-wrap elementor-element-populated\">\n\t\t\t\t\t\t<div class=\"elementor-element elementor-element-ef1a194 elementor-widget elementor-widget-image\" data-id=\"ef1a194\" data-element_type=\"widget\" data-e-type=\"widget\" data-widget_type=\"image.default\">\n\t\t\t\t<div class=\"elementor-widget-container\">\n\t\t\t\t\t\t\t\t\t\t\t\t\t\t\t<img decoding=\"async\" width=\"128\" height=\"128\" src=\"https:\/\/cdn.actionlocalwebsites.com\/wp-content\/uploads\/sites\/107\/2022\/10\/17090504\/265.png\" class=\"attachment-large size-large wp-image-84\" alt=\"Law Office Of Jeffrey R. Pollock\" \/>\t\t\t\t\t\t\t\t\t\t\t\t\t\t\t<\/div>\n\t\t\t\t<\/div>\n\t\t\t\t<div class=\"elementor-element elementor-element-e03737d elementor-widget elementor-widget-text-editor\" data-id=\"e03737d\" data-element_type=\"widget\" data-e-type=\"widget\" data-widget_type=\"text-editor.default\">\n\t\t\t\t<div class=\"elementor-widget-container\">\n\t\t\t\t\t\t\t\t\t<div id=\"page28_title2\" class=\"title2_wp_outer\"><div id=\"page67_title4\" class=\"title4_wp_outer\"><div id=\"page70_title6\" class=\"title6_wp_outer\"><h2 class=\"title\">Toda esperanza no se pierde, incluso despu\u00e9s del arresto<\/h2><div class=\"clear_div\">\u00a0<\/div><\/div><div id=\"page70_htmltext3\" class=\"htmltext3_wp_outer\">Necesita un abogado con experiencia en DUI cuando se enfrenta a un DUI en Washington. En defensa de DUI, no cualquier abogado lo har\u00e1. Jeffrey R. Pollock es un abogado de DUI en el condado de Skagit con a\u00f1os de experiencia en el manejo de cientos de casos. La ley de DUI es complicada. Un caso t\u00edpico de DUI puede requerir testigos expertos, evidencia cient\u00edfica e implicar leyes que cambian constantemente. El mejor abogado de DUI debe estar orientado a los detalles. Los casos de DUI se ganan y se pierden en los detalles. Una buena defensa de DUI no siempre es obvia para el laico, vale la pena obtener la ayuda de un abogado con experiencia en DUI al principio de su caso.<\/div><\/div><\/div>\t\t\t\t\t\t\t\t<\/div>\n\t\t\t\t<\/div>\n\t\t\t\t\t<\/div>\n\t\t<\/div>\n\t\t\t\t\t<\/div>\n\t\t<\/section>\n\t\t\t\t<section class=\"elementor-section elementor-top-section elementor-element elementor-element-9180641 elementor-section-boxed elementor-section-height-default elementor-section-height-default\" data-id=\"9180641\" data-element_type=\"section\" data-e-type=\"section\">\n\t\t\t\t\t\t<div class=\"elementor-container elementor-column-gap-default\">\n\t\t\t\t\t<div class=\"elementor-column elementor-col-100 elementor-top-column elementor-element elementor-element-c7ae50f elementor-invisible\" data-id=\"c7ae50f\" data-element_type=\"column\" data-e-type=\"column\" data-settings=\"{&quot;background_background&quot;:&quot;classic&quot;,&quot;animation&quot;:&quot;fadeInRight&quot;}\">\n\t\t\t<div class=\"elementor-widget-wrap elementor-element-populated\">\n\t\t\t\t\t\t<div class=\"elementor-element elementor-element-f70ec74 elementor-widget elementor-widget-text-editor\" data-id=\"f70ec74\" data-element_type=\"widget\" data-e-type=\"widget\" data-widget_type=\"text-editor.default\">\n\t\t\t\t<div class=\"elementor-widget-container\">\n\t\t\t\t\t\t\t\t\t<div id=\"page28_title2\" class=\"title2_wp_outer\"><div id=\"page67_title4\" class=\"title4_wp_outer\"><div id=\"page67_title5\" class=\"title5_wp_outer\"><div id=\"page70_title7\" class=\"title7_wp_outer\"><h2 class=\"title\">La experiencia cuenta cuando se trata de un DUI<\/h2><div class=\"clear_div\">\u00a0<\/div><\/div><div id=\"page70_htmltext4\" class=\"htmltext4_wp_outer\">Jeffrey R. Pollock ha estado trabajando como abogado de DUI durante varios a\u00f1os y ha manejado cientos de casos de DUI. Ha ganado juicios por DUI, por lo que sabe c\u00f3mo construir un caso de defensa de DUI s\u00f3lido. Jeffrey R. Pollock tambi\u00e9n es un negociador fuerte y puede obtener buenos resultados sin el estr\u00e9s de un ensayo de DUI. Jeffrey R. Pollock ha trabajado como fiscal y abogado defensor de DUI.<br \/><u><\/u><u><\/u><br \/>No siempre est\u00e1 claro si esas pocas bebidas (o la ingesti\u00f3n de THC) lo pondr\u00e1n por encima del l\u00edmite legal. Casi todos est\u00e1n en peligro de sufrir un DUI en alg\u00fan momento de sus vidas. La polic\u00eda, los fiscales y los tribunales tratan los cargos de DUI de manera muy seria y, a menudo, m\u00e1s grave que los delitos violentos. Los arrestos por DUI y los cargos pueden surgir de varias maneras, por alcohol o marihuana DUI.<br \/><u><\/u><u><\/u><br \/>Las condenas por DUI conllevan un tiempo de c\u00e1rcel obligatorio y la suspensi\u00f3n de la licencia, adem\u00e1s de multas costosas y libertad condicional. Solo un abogado calificado puede ayudarlo a superar esta compleja \u00e1rea de la ley y guiarlo hacia el mejor resultado en su caso.<br \/><u><\/u><u><\/u><br \/>Durante una parada de tr\u00e1fico por DUI, los oficiales de polic\u00eda deben seguir procedimientos estrictos para tener un caso en su contra. La oficina legal de Jeffrey R. Pollock entender\u00e1 lo que los oficiales pudieron haber hecho mal (o deber\u00eda haber hecho y no pudo hacer) y usar esa informaci\u00f3n para pelear su caso. Esto incluye:<u><\/u><u><\/u><br \/><ul><li>Causa probable para detener.<\/li><li>Causa probable de arresto.<\/li><li>Errores en pruebas de sobriedad de campo.<\/li><li>Fallos en la prueba de aliento y \/ o sangre.<\/li><li>Violaciones de su derecho a un abogado.<\/li><\/ul><u><\/u><u><\/u><u><\/u><br \/>Cada caso de DUI es diferente, y habiendo manejado cientos de estos casos, sabemos en qu\u00e9 direcci\u00f3n tomar su caso. A veces, los casos deben ir a juicio y otras veces deben resolverse. De cualquier manera, lucharemos incansablemente para lograr los mejores resultados posibles y proteger sus derechos.<\/div><\/div><\/div><\/div>\t\t\t\t\t\t\t\t<\/div>\n\t\t\t\t<\/div>\n\t\t\t\t\t<\/div>\n\t\t<\/div>\n\t\t\t\t\t<\/div>\n\t\t<\/section>\n\t\t\t\t<section class=\"elementor-section elementor-top-section elementor-element elementor-element-59c7686 elementor-section-boxed elementor-section-height-default elementor-section-height-default\" data-id=\"59c7686\" data-element_type=\"section\" data-e-type=\"section\">\n\t\t\t\t\t\t<div class=\"elementor-container elementor-column-gap-default\">\n\t\t\t\t\t<div class=\"elementor-column elementor-col-100 elementor-top-column elementor-element elementor-element-91343e7 elementor-invisible\" data-id=\"91343e7\" data-element_type=\"column\" data-e-type=\"column\" data-settings=\"{&quot;background_background&quot;:&quot;classic&quot;,&quot;animation&quot;:&quot;fadeInRight&quot;}\">\n\t\t\t<div class=\"elementor-widget-wrap elementor-element-populated\">\n\t\t\t\t\t\t<div class=\"elementor-element elementor-element-8019689 elementor-widget elementor-widget-text-editor\" data-id=\"8019689\" data-element_type=\"widget\" data-e-type=\"widget\" data-widget_type=\"text-editor.default\">\n\t\t\t\t<div class=\"elementor-widget-container\">\n\t\t\t\t\t\t\t\t\t<div id=\"page28_title2\" class=\"title2_wp_outer\"><div id=\"page67_title4\" class=\"title4_wp_outer\"><div id=\"page67_title5\" class=\"title5_wp_outer\"><h2 class=\"title\">\u00c1reas de enfoque<\/h2><\/div><\/div><\/div>\t\t\t\t\t\t\t\t<\/div>\n\t\t\t\t<\/div>\n\t\t\t\t<div class=\"elementor-element elementor-element-7ff796d elementor-arrows-yes elementor-pagination-type-bullets elementor-review--has-separator elementor--star-style-star_fontawesome elementor-widget elementor-widget-reviews\" data-id=\"7ff796d\" data-element_type=\"widget\" data-e-type=\"widget\" data-settings=\"{&quot;show_arrows&quot;:&quot;yes&quot;,&quot;pagination&quot;:&quot;bullets&quot;,&quot;speed&quot;:500,&quot;autoplay&quot;:&quot;yes&quot;,&quot;autoplay_speed&quot;:5000,&quot;loop&quot;:&quot;yes&quot;,&quot;pause_on_hover&quot;:&quot;yes&quot;,&quot;pause_on_interaction&quot;:&quot;yes&quot;,&quot;space_between&quot;:{&quot;unit&quot;:&quot;px&quot;,&quot;size&quot;:10,&quot;sizes&quot;:[]},&quot;space_between_widescreen&quot;:{&quot;unit&quot;:&quot;px&quot;,&quot;size&quot;:10,&quot;sizes&quot;:[]},&quot;space_between_laptop&quot;:{&quot;unit&quot;:&quot;px&quot;,&quot;size&quot;:10,&quot;sizes&quot;:[]},&quot;space_between_tablet_extra&quot;:{&quot;unit&quot;:&quot;px&quot;,&quot;size&quot;:10,&quot;sizes&quot;:[]},&quot;space_between_tablet&quot;:{&quot;unit&quot;:&quot;px&quot;,&quot;size&quot;:10,&quot;sizes&quot;:[]},&quot;space_between_mobile_extra&quot;:{&quot;unit&quot;:&quot;px&quot;,&quot;size&quot;:10,&quot;sizes&quot;:[]},&quot;space_between_mobile&quot;:{&quot;unit&quot;:&quot;px&quot;,&quot;size&quot;:10,&quot;sizes&quot;:[]}}\" data-widget_type=\"reviews.default\">\n\t\t\t\t<div class=\"elementor-widget-container\">\n\t\t\t\t\t\t\t\t\t<div class=\"elementor-swiper\">\n\t\t\t\t\t<div class=\"elementor-main-swiper swiper\" role=\"region\" aria-roledescription=\"carousel\" aria-label=\"Slides\" data-no-translation-aria-label=\"\">\n\t\t\t\t<div class=\"swiper-wrapper\">\n\t\t\t\t\t\t\t\t\t\t\t<div class=\"swiper-slide\" role=\"group\" aria-roledescription=\"slide\">\n\t\t\t\t\t\t\t\t\t<div class=\"elementor-testimonial elementor-repeater-item-9450414\">\n\t\t\t\t\t\t\t\t\t\t<div class=\"elementor-testimonial__content\">\n\t\t\t\t\t<div class=\"elementor-testimonial__text\">\n\t\t\t\t\t\tNegligent Driving\t\t\t\t\t<\/div>\n\t\t\t\t<\/div>\n\t\t\t\t\t<\/div>\n\t\t\t\t\t\t\t\t<\/div>\n\t\t\t\t\t\t\t\t\t\t\t<div class=\"swiper-slide\" role=\"group\" aria-roledescription=\"slide\">\n\t\t\t\t\t\t\t\t\t<div class=\"elementor-testimonial elementor-repeater-item-f31b481\">\n\t\t\t\t\t\t\t\t\t\t<div class=\"elementor-testimonial__content\">\n\t\t\t\t\t<div class=\"elementor-testimonial__text\">\n\t\t\t\t\t\tTraffic Stop\t\t\t\t\t<\/div>\n\t\t\t\t<\/div>\n\t\t\t\t\t<\/div>\n\t\t\t\t\t\t\t\t<\/div>\n\t\t\t\t\t\t\t\t\t\t\t<div class=\"swiper-slide\" role=\"group\" aria-roledescription=\"slide\">\n\t\t\t\t\t\t\t\t\t<div class=\"elementor-testimonial elementor-repeater-item-0b1f530\">\n\t\t\t\t\t\t\t\t\t\t<div class=\"elementor-testimonial__content\">\n\t\t\t\t\t<div class=\"elementor-testimonial__text\">\n\t\t\t\t\t\tDeferred Prosecution\t\t\t\t\t<\/div>\n\t\t\t\t<\/div>\n\t\t\t\t\t<\/div>\n\t\t\t\t\t\t\t\t<\/div>\n\t\t\t\t\t\t\t\t\t<\/div>\n\t\t\t\t\t\t\t\t\t\t\t\t\t\t\t<div class=\"elementor-swiper-button elementor-swiper-button-prev\" role=\"button\" tabindex=\"0\" aria-label=\"Previous\" data-no-translation-aria-label=\"\">\n\t\t\t\t\t\t\t<i aria-hidden=\"true\" class=\"eicon-chevron-left\"><\/i>\t\t\t\t\t\t<\/div>\n\t\t\t\t\t\t<div class=\"elementor-swiper-button elementor-swiper-button-next\" role=\"button\" tabindex=\"0\" aria-label=\"Next\" data-no-translation-aria-label=\"\">\n\t\t\t\t\t\t\t<i aria-hidden=\"true\" class=\"eicon-chevron-right\"><\/i>\t\t\t\t\t\t<\/div>\n\t\t\t\t\t\t\t\t\t\t\t\t\t\t\t\t<div class=\"swiper-pagination\"><\/div>\n\t\t\t\t\t\t\t\t\t\t\t\t<\/div>\n\t\t\t\t<\/div>\n\t\t\t\t\t\t\t\t<\/div>\n\t\t\t\t<\/div>\n\t\t\t\t\t<\/div>\n\t\t<\/div>\n\t\t\t\t\t<\/div>\n\t\t<\/section>\n\t\t\t\t<\/div>","protected":false},"excerpt":{"rendered":"<p>DUI DUI law is complicated. A typical DUI case may require expert witnesses, scientific evidence, and involve laws that are ever changing. All Hope Is Not Lost Even After Arrest &nbsp;You need an experienced DUI lawyer when facing a Washington DUI. In DUI defense, not just any attorney will do. Jeffrey R. Pollock is a [&hellip;]<\/p>\n","protected":false},"author":3,"featured_media":194,"parent":0,"menu_order":0,"comment_status":"closed","ping_status":"closed","template":"elementor_header_footer","meta":{"footnotes":""},"class_list":["post-37","page","type-page","status-publish","has-post-thumbnail","hentry"],"yoast_head":"<!-- This site is optimized with the Yoast SEO plugin v27.3 - https:\/\/yoast.com\/product\/yoast-seo-wordpress\/ -->\n<title>DUI | Law Office of Jeffrey R. Pollock in WA<\/title>\n<meta name=\"description\" content=\"Jeffrey R. Pollock is a Skagit County DUI attorney with years of experience handling hundreds of cases. We have worked as a prosecutor too.\" \/>\n<meta name=\"robots\" content=\"index, follow, max-snippet:-1, max-image-preview:large, max-video-preview:-1\" \/>\n<link rel=\"canonical\" href=\"https:\/\/www.lawofficeofjeffreyrpollock.com\/es\/dui\/\" \/>\n<meta property=\"og:locale\" content=\"es_MX\" \/>\n<meta property=\"og:type\" content=\"article\" \/>\n<meta property=\"og:title\" content=\"DUI | Law Office of Jeffrey R. Pollock in WA\" \/>\n<meta property=\"og:description\" content=\"Jeffrey R. Pollock is a Skagit County DUI attorney with years of experience handling hundreds of cases. We have worked as a prosecutor too.\" \/>\n<meta property=\"og:url\" content=\"https:\/\/www.lawofficeofjeffreyrpollock.com\/es\/dui\/\" \/>\n<meta property=\"og:site_name\" content=\"Law Office of Jeffrey R. Pollock in WA\" \/>\n<meta property=\"article:modified_time\" content=\"2022-10-18T11:36:19+00:00\" \/>\n<meta property=\"og:image\" content=\"https:\/\/cdn.actionlocalwebsites.com\/wp-content\/uploads\/sites\/107\/2022\/10\/17100008\/ImageGalleryHandler-18.jpeg\" \/>\n\t<meta property=\"og:image:width\" content=\"1000\" \/>\n\t<meta property=\"og:image:height\" content=\"667\" \/>\n\t<meta property=\"og:image:type\" content=\"image\/jpeg\" \/>\n<meta name=\"twitter:card\" content=\"summary_large_image\" \/>\n<meta name=\"twitter:label1\" content=\"Tiempo de lectura\" \/>\n\t<meta name=\"twitter:data1\" content=\"3 minutos\" \/>\n<script type=\"application\/ld+json\" class=\"yoast-schema-graph\">{\"@context\":\"https:\\\/\\\/schema.org\",\"@graph\":[{\"@type\":\"WebPage\",\"@id\":\"https:\\\/\\\/www.lawofficeofjeffreyrpollock.com\\\/dui\\\/\",\"url\":\"https:\\\/\\\/www.lawofficeofjeffreyrpollock.com\\\/dui\\\/\",\"name\":\"DUI | Law Office of Jeffrey R. Pollock in WA\",\"isPartOf\":{\"@id\":\"https:\\\/\\\/www.lawofficeofjeffreyrpollock.com\\\/#website\"},\"primaryImageOfPage\":{\"@id\":\"https:\\\/\\\/www.lawofficeofjeffreyrpollock.com\\\/dui\\\/#primaryimage\"},\"image\":{\"@id\":\"https:\\\/\\\/www.lawofficeofjeffreyrpollock.com\\\/dui\\\/#primaryimage\"},\"thumbnailUrl\":\"https:\\\/\\\/cdn.actionlocalwebsites.com\\\/wp-content\\\/uploads\\\/sites\\\/107\\\/2022\\\/10\\\/17100008\\\/ImageGalleryHandler-18.jpeg\",\"datePublished\":\"2022-10-17T08:58:51+00:00\",\"dateModified\":\"2022-10-18T11:36:19+00:00\",\"description\":\"Jeffrey R. Pollock is a Skagit County DUI attorney with years of experience handling hundreds of cases. We have worked as a prosecutor too.\",\"breadcrumb\":{\"@id\":\"https:\\\/\\\/www.lawofficeofjeffreyrpollock.com\\\/dui\\\/#breadcrumb\"},\"inLanguage\":\"es\",\"potentialAction\":[{\"@type\":\"ReadAction\",\"target\":[\"https:\\\/\\\/www.lawofficeofjeffreyrpollock.com\\\/dui\\\/\"]}]},{\"@type\":\"ImageObject\",\"inLanguage\":\"es\",\"@id\":\"https:\\\/\\\/www.lawofficeofjeffreyrpollock.com\\\/dui\\\/#primaryimage\",\"url\":\"https:\\\/\\\/cdn.actionlocalwebsites.com\\\/wp-content\\\/uploads\\\/sites\\\/107\\\/2022\\\/10\\\/17100008\\\/ImageGalleryHandler-18.jpeg\",\"contentUrl\":\"https:\\\/\\\/cdn.actionlocalwebsites.com\\\/wp-content\\\/uploads\\\/sites\\\/107\\\/2022\\\/10\\\/17100008\\\/ImageGalleryHandler-18.jpeg\",\"width\":1000,\"height\":667,\"caption\":\"Business Law Office of Jeffrey R. Pollock\"},{\"@type\":\"BreadcrumbList\",\"@id\":\"https:\\\/\\\/www.lawofficeofjeffreyrpollock.com\\\/dui\\\/#breadcrumb\",\"itemListElement\":[{\"@type\":\"ListItem\",\"position\":1,\"name\":\"Home\",\"item\":\"https:\\\/\\\/www.lawofficeofjeffreyrpollock.com\\\/\"},{\"@type\":\"ListItem\",\"position\":2,\"name\":\"DUI\"}]},{\"@type\":\"WebSite\",\"@id\":\"https:\\\/\\\/www.lawofficeofjeffreyrpollock.com\\\/#website\",\"url\":\"https:\\\/\\\/www.lawofficeofjeffreyrpollock.com\\\/\",\"name\":\"Law Office of Jeffrey R. Pollock in WA\",\"description\":\"At the Law Office of Jeffrey R Pollock, we take great pride in defending the legal rights of our clients in Mount Vernon, WA\",\"publisher\":{\"@id\":\"https:\\\/\\\/www.lawofficeofjeffreyrpollock.com\\\/#organization\"},\"potentialAction\":[{\"@type\":\"SearchAction\",\"target\":{\"@type\":\"EntryPoint\",\"urlTemplate\":\"https:\\\/\\\/www.lawofficeofjeffreyrpollock.com\\\/?s={search_term_string}\"},\"query-input\":{\"@type\":\"PropertyValueSpecification\",\"valueRequired\":true,\"valueName\":\"search_term_string\"}}],\"inLanguage\":\"es\"},{\"@type\":\"Organization\",\"@id\":\"https:\\\/\\\/www.lawofficeofjeffreyrpollock.com\\\/#organization\",\"name\":\"Law Office of Jeffrey R. Pollock in WA\",\"url\":\"https:\\\/\\\/www.lawofficeofjeffreyrpollock.com\\\/\",\"logo\":{\"@type\":\"ImageObject\",\"inLanguage\":\"es\",\"@id\":\"https:\\\/\\\/www.lawofficeofjeffreyrpollock.com\\\/#\\\/schema\\\/logo\\\/image\\\/\",\"url\":\"https:\\\/\\\/cdn.actionlocalwebsites.com\\\/wp-content\\\/uploads\\\/sites\\\/107\\\/2022\\\/10\\\/20051808\\\/cropped-530.png\",\"contentUrl\":\"https:\\\/\\\/cdn.actionlocalwebsites.com\\\/wp-content\\\/uploads\\\/sites\\\/107\\\/2022\\\/10\\\/20051808\\\/cropped-530.png\",\"width\":661,\"height\":188,\"caption\":\"Law Office of Jeffrey R. Pollock in WA\"},\"image\":{\"@id\":\"https:\\\/\\\/www.lawofficeofjeffreyrpollock.com\\\/#\\\/schema\\\/logo\\\/image\\\/\"}}]}<\/script>\n<!-- \/ Yoast SEO plugin. -->","yoast_head_json":{"title":"DUI | Law Office of Jeffrey R. Pollock in WA","description":"Jeffrey R. Pollock is a Skagit County DUI attorney with years of experience handling hundreds of cases. We have worked as a prosecutor too.","robots":{"index":"index","follow":"follow","max-snippet":"max-snippet:-1","max-image-preview":"max-image-preview:large","max-video-preview":"max-video-preview:-1"},"canonical":"https:\/\/www.lawofficeofjeffreyrpollock.com\/es\/dui\/","og_locale":"es_MX","og_type":"article","og_title":"DUI | Law Office of Jeffrey R. Pollock in WA","og_description":"Jeffrey R. Pollock is a Skagit County DUI attorney with years of experience handling hundreds of cases. We have worked as a prosecutor too.","og_url":"https:\/\/www.lawofficeofjeffreyrpollock.com\/es\/dui\/","og_site_name":"Law Office of Jeffrey R. Pollock in WA","article_modified_time":"2022-10-18T11:36:19+00:00","og_image":[{"width":1000,"height":667,"url":"https:\/\/cdn.actionlocalwebsites.com\/wp-content\/uploads\/sites\/107\/2022\/10\/17100008\/ImageGalleryHandler-18.jpeg","type":"image\/jpeg"}],"twitter_card":"summary_large_image","twitter_misc":{"Tiempo de lectura":"3 minutos"},"schema":{"@context":"https:\/\/schema.org","@graph":[{"@type":"WebPage","@id":"https:\/\/www.lawofficeofjeffreyrpollock.com\/dui\/","url":"https:\/\/www.lawofficeofjeffreyrpollock.com\/dui\/","name":"DUI | Law Office of Jeffrey R. Pollock in WA","isPartOf":{"@id":"https:\/\/www.lawofficeofjeffreyrpollock.com\/#website"},"primaryImageOfPage":{"@id":"https:\/\/www.lawofficeofjeffreyrpollock.com\/dui\/#primaryimage"},"image":{"@id":"https:\/\/www.lawofficeofjeffreyrpollock.com\/dui\/#primaryimage"},"thumbnailUrl":"https:\/\/cdn.actionlocalwebsites.com\/wp-content\/uploads\/sites\/107\/2022\/10\/17100008\/ImageGalleryHandler-18.jpeg","datePublished":"2022-10-17T08:58:51+00:00","dateModified":"2022-10-18T11:36:19+00:00","description":"Jeffrey R. Pollock is a Skagit County DUI attorney with years of experience handling hundreds of cases. We have worked as a prosecutor too.","breadcrumb":{"@id":"https:\/\/www.lawofficeofjeffreyrpollock.com\/dui\/#breadcrumb"},"inLanguage":"es","potentialAction":[{"@type":"ReadAction","target":["https:\/\/www.lawofficeofjeffreyrpollock.com\/dui\/"]}]},{"@type":"ImageObject","inLanguage":"es","@id":"https:\/\/www.lawofficeofjeffreyrpollock.com\/dui\/#primaryimage","url":"https:\/\/cdn.actionlocalwebsites.com\/wp-content\/uploads\/sites\/107\/2022\/10\/17100008\/ImageGalleryHandler-18.jpeg","contentUrl":"https:\/\/cdn.actionlocalwebsites.com\/wp-content\/uploads\/sites\/107\/2022\/10\/17100008\/ImageGalleryHandler-18.jpeg","width":1000,"height":667,"caption":"Business Law Office of Jeffrey R. Pollock"},{"@type":"BreadcrumbList","@id":"https:\/\/www.lawofficeofjeffreyrpollock.com\/dui\/#breadcrumb","itemListElement":[{"@type":"ListItem","position":1,"name":"Home","item":"https:\/\/www.lawofficeofjeffreyrpollock.com\/"},{"@type":"ListItem","position":2,"name":"DUI"}]},{"@type":"WebSite","@id":"https:\/\/www.lawofficeofjeffreyrpollock.com\/#website","url":"https:\/\/www.lawofficeofjeffreyrpollock.com\/","name":"Law Office of Jeffrey R. Pollock in WA","description":"At the Law Office of Jeffrey R Pollock, we take great pride in defending the legal rights of our clients in Mount Vernon, WA","publisher":{"@id":"https:\/\/www.lawofficeofjeffreyrpollock.com\/#organization"},"potentialAction":[{"@type":"SearchAction","target":{"@type":"EntryPoint","urlTemplate":"https:\/\/www.lawofficeofjeffreyrpollock.com\/?s={search_term_string}"},"query-input":{"@type":"PropertyValueSpecification","valueRequired":true,"valueName":"search_term_string"}}],"inLanguage":"es"},{"@type":"Organization","@id":"https:\/\/www.lawofficeofjeffreyrpollock.com\/#organization","name":"Law Office of Jeffrey R. Pollock in WA","url":"https:\/\/www.lawofficeofjeffreyrpollock.com\/","logo":{"@type":"ImageObject","inLanguage":"es","@id":"https:\/\/www.lawofficeofjeffreyrpollock.com\/#\/schema\/logo\/image\/","url":"https:\/\/cdn.actionlocalwebsites.com\/wp-content\/uploads\/sites\/107\/2022\/10\/20051808\/cropped-530.png","contentUrl":"https:\/\/cdn.actionlocalwebsites.com\/wp-content\/uploads\/sites\/107\/2022\/10\/20051808\/cropped-530.png","width":661,"height":188,"caption":"Law Office of Jeffrey R. Pollock in WA"},"image":{"@id":"https:\/\/www.lawofficeofjeffreyrpollock.com\/#\/schema\/logo\/image\/"}}]}},"_links":{"self":[{"href":"https:\/\/www.lawofficeofjeffreyrpollock.com\/es\/wp-json\/wp\/v2\/pages\/37","targetHints":{"allow":["GET"]}}],"collection":[{"href":"https:\/\/www.lawofficeofjeffreyrpollock.com\/es\/wp-json\/wp\/v2\/pages"}],"about":[{"href":"https:\/\/www.lawofficeofjeffreyrpollock.com\/es\/wp-json\/wp\/v2\/types\/page"}],"author":[{"embeddable":true,"href":"https:\/\/www.lawofficeofjeffreyrpollock.com\/es\/wp-json\/wp\/v2\/users\/3"}],"replies":[{"embeddable":true,"href":"https:\/\/www.lawofficeofjeffreyrpollock.com\/es\/wp-json\/wp\/v2\/comments?post=37"}],"version-history":[{"count":8,"href":"https:\/\/www.lawofficeofjeffreyrpollock.com\/es\/wp-json\/wp\/v2\/pages\/37\/revisions"}],"predecessor-version":[{"id":230,"href":"https:\/\/www.lawofficeofjeffreyrpollock.com\/es\/wp-json\/wp\/v2\/pages\/37\/revisions\/230"}],"wp:featuredmedia":[{"embeddable":true,"href":"https:\/\/www.lawofficeofjeffreyrpollock.com\/es\/wp-json\/wp\/v2\/media\/194"}],"wp:attachment":[{"href":"https:\/\/www.lawofficeofjeffreyrpollock.com\/es\/wp-json\/wp\/v2\/media?parent=37"}],"curies":[{"name":"wp","href":"https:\/\/api.w.org\/{rel}","templated":true}]}}